{"id":966,"date":"2020-09-15T09:52:33","date_gmt":"2020-09-15T09:52:33","guid":{"rendered":"https:\/\/fadc.ca\/?page_id=966"},"modified":"2023-12-31T04:30:26","modified_gmt":"2023-12-31T04:30:26","slug":"projects","status":"publish","type":"page","link":"https:\/\/fadc.ca\/fr\/projects\/","title":{"rendered":"Projects"},"content":{"rendered":"<div class=\"wp-block-uagb-container uagb-block-02eed833 alignfull uagb-is-root-container\"><div class=\"uagb-container-inner-blocks-wrap\">\n<div class=\"wp-block-uagb-advanced-heading uagb-block-f80941aa\"><h1 class=\"uagb-heading-text\">\u00c0 propos de Nous<\/h1><\/div>\n<\/div><\/div>\n\n\n\n<div class=\"wp-block-uagb-container uagb-block-c8e94d44 alignfull uagb-is-root-container\"><div class=\"uagb-container-inner-blocks-wrap\">\n<div class=\"wp-block-columns is-layout-flex wp-container-core-columns-is-layout-28f84493 wp-block-columns-is-layout-flex\">\n<div class=\"wp-block-column is-layout-flow wp-block-column-is-layout-flow\">\n<div class=\"wp-block-uagb-advanced-heading uagb-block-2be04ec7\"><h2 class=\"uagb-heading-text\">But :<\/h2><\/div>\n<\/div>\n<\/div>\n<\/div><\/div>\n\n\n\n<div class=\"wp-block-uagb-container uagb-block-e18af88f alignwide uagb-is-root-container\">\n<div class=\"wp-block-uagb-container uagb-block-ab59a25a\">\n<p class=\"has-medium-font-size\" style=\"padding-top:0;padding-right:0;padding-bottom:0;padding-left:0\">Offrir aux personnes handicap\u00e9es l\u2019occasion de participer au merveilleux sport qu\u2019est la plong\u00e9e sous-marine.<br><br>Selon Statistique Canada en 2022, approximativement 10.6% de la population vivaient avec un handicap. Ce sont \u00e0 eux que s\u2019adressent les services de Libert\u00e9 en Profondeur Canada.<br><br>Aujourd\u2019hui, aucune autre organisation canadienne n\u2019enseigne la plong\u00e9e sous-marine aux personnes handicap\u00e9es de fa\u00e7on s\u00e9curitaire et professionnelle. Libert\u00e9 en Profondeur Canada offre un curriculum adapt\u00e9 pour les personnes handicap\u00e9es et compte \u00e0 son actif un instructeur et directeur de formation sp\u00e9cialis\u00e9e en plong\u00e9e, certifi\u00e9 par la Handicap Scuba Association (HSA). Libert\u00e9 en Profondeur est donc l\u2019endroit choisi pour apprendre la plong\u00e9e sous-marine aux personnes handicap\u00e9es.<\/p>\n<\/div>\n<\/div>\n\n\n\n<div class=\"wp-block-uagb-container uagb-block-1cd3ae5f alignwide uagb-is-root-container\">\n<div class=\"wp-block-uagb-container uagb-block-b2d95872\">\n<figure class=\"wp-block-image size-full is-style-default\"><img loading=\"lazy\" decoding=\"async\" width=\"727\" height=\"960\" src=\"https:\/\/fadc.ca\/wp-content\/uploads\/2023\/03\/6b6a9bdfcc663ec928d8a01cbc2b5f9c.jpeg\" alt=\"\" class=\"wp-image-1775\" srcset=\"https:\/\/fadc.ca\/wp-content\/uploads\/2023\/03\/6b6a9bdfcc663ec928d8a01cbc2b5f9c.jpeg 727w, https:\/\/fadc.ca\/wp-content\/uploads\/2023\/03\/6b6a9bdfcc663ec928d8a01cbc2b5f9c-227x300.jpeg 227w\" sizes=\"auto, (max-width: 727px) 100vw, 727px\" \/><\/figure>\n<\/div>\n\n\n\n<section class=\"wp-block-uagb-section uagb-section__wrap uagb-section__background-none uagb-block-d4eae66d\"><div class=\"uagb-section__overlay\"><\/div><div class=\"uagb-section__inner-wrap\">\n<h2 class=\"wp-block-heading has-ast-global-color-2-color has-text-color\">Objectifs:<br><\/h2>\n\n\n\n<p class=\"has-ast-global-color-2-color has-text-color has-medium-font-size\"><strong>Am\u00e9liorer la sant\u00e9 et la forme physique<\/strong>&nbsp;des personnes handicap\u00e9es en mettant leurs habilet\u00e9s physiques et leur endurance \u00e0 l\u2019\u00e9preuve.<\/p>\n\n\n\n<p class=\"has-ast-global-color-2-color has-text-color has-medium-font-size\"><strong>Am\u00e9liorer la qualit\u00e9 de vie<\/strong>&nbsp;des personnes handicap\u00e9es en leur offrant l\u2019occasion de participer \u00e0 un sport int\u00e9gr\u00e9.<\/p>\n\n\n\n<p class=\"has-ast-global-color-2-color has-text-color has-medium-font-size\"><strong>Int\u00e9grer<\/strong>&nbsp;personnes handicap\u00e9es et non handicap\u00e9es en facilitant l\u2019acc\u00e8s \u00e0 un sport que plusieurs croyaient hors de port\u00e9e pour les handicap\u00e9s.;<\/p>\n\n\n\n<p class=\"has-ast-global-color-2-color has-text-color has-medium-font-size\"><strong>Motiver<\/strong> les personnes handicap\u00e9es \u00e0 entreprendre des activit\u00e9s int\u00e9ressantes, s\u2019instruire, travailler, voyager, faire du sport, en leur permettant de r\u00e9ussir \u00e0 un sport hors de l\u2019ordinaire.<\/p>\n\n\n\n<p class=\"has-ast-global-color-2-color has-text-color has-medium-font-size\"><strong>Mettre en valeur les habilet\u00e9s<\/strong>&nbsp;et le potentiel des personnes handicap\u00e9es dans la soci\u00e9t\u00e9.<\/p>\n<\/div><\/section>\n<\/div>\n\n\n\n<h2 class=\"wp-block-heading has-ast-global-color-2-color has-text-color\">Contexte:<\/h2>\n\n\n\n<p class=\"has-ast-global-color-2-color has-text-color has-medium-font-size\" style=\"padding-top:0;padding-right:0;padding-bottom:0;padding-left:0\">La plong\u00e9e sous-marine permet aux personnes qui ont un handicap physique de participer \u00e0 une activit\u00e9 sportive avec leurs pairs non handicap\u00e9s. Elles rel\u00e8vent un d\u00e9fi qu\u2019elles imaginent jusque l\u00e0 insurmontable et prennent confiance en elles. Peu \u00e0 peu, la personne entrevoit plus de possibilit\u00e9s dans tous les aspects de sa vie. De plus, la plong\u00e9e sous-marine permet de nouvelles aventures : un voyage vers une destination exotique, ou une d\u00e9couverte locale.<\/p>\n\n\n\n<figure class=\"wp-block-image alignleft size-large is-resized\"><img loading=\"lazy\" decoding=\"async\" width=\"1024\" height=\"576\" src=\"https:\/\/fadc.ca\/wp-content\/uploads\/2023\/03\/e9527bb401e9f593469cc59d0694af7e-1024x576.jpeg\" alt=\"\" class=\"wp-image-1780\" style=\"width:512px;height:288px\" srcset=\"https:\/\/fadc.ca\/wp-content\/uploads\/2023\/03\/e9527bb401e9f593469cc59d0694af7e-1024x576.jpeg 1024w, https:\/\/fadc.ca\/wp-content\/uploads\/2023\/03\/e9527bb401e9f593469cc59d0694af7e-300x169.jpeg 300w, https:\/\/fadc.ca\/wp-content\/uploads\/2023\/03\/e9527bb401e9f593469cc59d0694af7e-768x432.jpeg 768w, https:\/\/fadc.ca\/wp-content\/uploads\/2023\/03\/e9527bb401e9f593469cc59d0694af7e-1536x864.jpeg 1536w, https:\/\/fadc.ca\/wp-content\/uploads\/2023\/03\/e9527bb401e9f593469cc59d0694af7e.jpeg 1920w\" sizes=\"auto, (max-width: 1024px) 100vw, 1024px\" \/><\/figure>\n\n\n\n<p class=\"has-text-align-left has-ast-global-color-2-color has-text-color has-medium-font-size\" style=\"padding-top:0;padding-right:0;padding-bottom:0;padding-left:0\">Les plongeurs non handicap\u00e9s quant \u00e0 eux doivent revoir certaines id\u00e9es pr\u00e9con\u00e7ues quant aux personnes handicap\u00e9es et leur capacit\u00e9 physique. D\u00e9sormais, ils voient une personne et non une personne handicap\u00e9e. Si une personne handicap\u00e9e peut faire de la plong\u00e9e, qui sait de quoi elle est capable?<\/p>\n\n\n\n<p><\/p>\n\n\n\n<p class=\"has-text-align-left has-ast-global-color-2-color has-text-color has-medium-font-size\" style=\"padding-top:0;padding-right:0;padding-bottom:0;padding-left:0\">Ces deux facteurs r\u00e9unis ont le potentiel de r\u00e9duire les obstacles \u00e0 l\u2019int\u00e9gration des personnes handicap\u00e9es et de leur permettent de participer plus pleinement \u00e0 la vie en soci\u00e9t\u00e9 canadienne, qu\u2019il s\u2019agisse de sport, d\u2019\u00e9ducation ou de travail.<\/p>\n\n\n\n<p class=\"has-ast-global-color-2-color has-text-color has-medium-font-size\" style=\"padding-top:0;padding-right:0;padding-bottom:0;padding-left:0\">Enfin, n\u2019oublions pas que plusieurs personnes handicap\u00e9es souhaitent essayer la plong\u00e9e pour le simple plaisir que procure cette activit\u00e9.<\/p>\n\n\n\n<h2 class=\"wp-block-heading has-ast-global-color-2-color has-text-color\">Libert\u00e9 en Profondeur - Donner une chance \u200b:<\/h2>\n\n\n\n<p class=\"has-ast-global-color-2-color has-text-color has-medium-font-size\">Libert\u00e9 en Profondeur Canada enseigne la plong\u00e9e aux personnes handicap\u00e9es venant de partout au Canada. Libert\u00e9 en Profondeur Canada offre des cours sp\u00e9cialis\u00e9s adapt\u00e9s \u00e0 leurs besoins individuels.&nbsp;<\/p>\n\n\n\n<p class=\"has-ast-global-color-2-color has-text-color has-medium-font-size\">Libert\u00e9 en Profondeur Canada a d\u00e9velopp\u00e9 une connaissance approfondie des besoins des personnes handicap\u00e9es et, gr\u00e2ce \u00e0 l\u2019exp\u00e9rience acquise au fil des ans, peut offrir un entra\u00eenement de premi\u00e8re qualit\u00e9.<\/p>\n\n\n\n<section class=\"wp-block-uagb-section uagb-section__wrap uagb-section__background-none uagb-block-1403d2c4\"><div class=\"uagb-section__overlay\"><\/div><div class=\"uagb-section__inner-wrap\">\n<div class=\"wp-block-group is-vertical is-content-justification-left is-nowrap is-layout-flex wp-container-core-group-is-layout-b9305f23 wp-block-group-is-layout-flex\">\n<p class=\"has-text-align-left has-ast-global-color-2-color has-text-color has-medium-font-size\">\u2013 Former des \u00e9tudiants handicap\u00e9s en plong\u00e9e sous-marine.<br>\u2013 Offrir des occasions de plong\u00e9e, ici et \u00e0 l\u2019\u00e9tranger pour les plongeurs form\u00e9s par la Libert\u00e9 en profondeur Canada.<br>\u2013 Offrir des cours \u00e0 plusieurs niveaux, dont la plong\u00e9e avanc\u00e9e, la plong\u00e9e de nuit et autres.&nbsp;<br>\u2013 Sensibiliser les personnes handicap\u00e9es aux bienfaits de la plong\u00e9e.<br>\u2013 D\u00e9velopper un r\u00e9seau de plongeurs handicap\u00e9s et d\u2019autres personnes int\u00e9ress\u00e9es \u00e0 la plong\u00e9e pour les personnes handicap\u00e9es.&nbsp;<\/p>\n<\/div>\n<\/div><\/section>\n\n\n\n<section class=\"wp-block-uagb-section uagb-section__wrap uagb-section__background-color uagb-block-e1028df0\"><div class=\"uagb-section__overlay\"><\/div><div class=\"uagb-section__inner-wrap\">\n<h2 class=\"wp-block-heading has-text-align-left has-ast-global-color-2-color has-text-color\" style=\"font-size:30px\"><strong>Recrutement des \u00e9tudiants<\/strong><\/h2>\n\n\n\n<div class=\"wp-block-uagb-image alignright uagb-block-c8a2af6c wp-block-uagb-image--layout-default wp-block-uagb-image--effect-static wp-block-uagb-image--align-right\"><figure class=\"wp-block-uagb-image__figure\"><img decoding=\"async\" srcset=\"https:\/\/fadc.ca\/wp-content\/uploads\/2023\/03\/e506f5c4ec21155bc2146a3a5e118341.jpeg \" sizes=\"auto, (max-width: 480px) 150px\" src=\"https:\/\/fadc.ca\/wp-content\/uploads\/2023\/03\/e506f5c4ec21155bc2146a3a5e118341.jpeg\" alt=\"\" class=\"uag-image-1784\" width=\"427\" height=\"640\" title=\"\" loading=\"lazy\"\/><\/figure><\/div>\n\n\n\n<p class=\"has-text-align-left has-ast-global-color-2-color has-text-color has-medium-font-size\">Toute personne r\u00e9sidant au Canada peut s\u2019inscrire aux programmes offerts par Libert\u00e9 en profondeur Canada. En g\u00e9n\u00e9ral, Libert\u00e9 en profondeur Canada rejoint sa client\u00e8le par les moyens suivants :<br>\u2013 Les centres de r\u00e9adaptation et autres organisations de personnes handicap\u00e9es, dont L\u00e9sions M\u00e9dullaires Canada.<br>\u2013 Le bouche \u00e0 oreille<br>\u2013 Des \u00e9tudiants qui ont suivi le cours par le pass\u00e9<\/p>\n\n\n\n<figure class=\"wp-block-image size-large\"><img loading=\"lazy\" decoding=\"async\" width=\"1024\" height=\"768\" src=\"https:\/\/fadc.ca\/wp-content\/uploads\/2023\/02\/6882d781-8625-47c0-9b21-c7c75c9c83b01-1024x768.jpg\" alt=\"\" class=\"wp-image-1602\" srcset=\"https:\/\/fadc.ca\/wp-content\/uploads\/2023\/02\/6882d781-8625-47c0-9b21-c7c75c9c83b01-1024x768.jpg 1024w, https:\/\/fadc.ca\/wp-content\/uploads\/2023\/02\/6882d781-8625-47c0-9b21-c7c75c9c83b01-300x225.jpg 300w, https:\/\/fadc.ca\/wp-content\/uploads\/2023\/02\/6882d781-8625-47c0-9b21-c7c75c9c83b01-768x576.jpg 768w, https:\/\/fadc.ca\/wp-content\/uploads\/2023\/02\/6882d781-8625-47c0-9b21-c7c75c9c83b01-1536x1152.jpg 1536w, https:\/\/fadc.ca\/wp-content\/uploads\/2023\/02\/6882d781-8625-47c0-9b21-c7c75c9c83b01.jpg 2048w\" sizes=\"auto, (max-width: 1024px) 100vw, 1024px\" \/><\/figure>\n<\/div><\/section>","protected":false},"excerpt":{"rendered":"<p>About US Our Purpose To provide an opportunity for people with disabilities to participate in the challenging sport of scuba diving. According to Statistics Canada, in 2022, approximately 10.6% of the Canadian population had a mobility disability. This is the client group of Freedom at Depth Canada. There is currently no other Canadian organization that [&hellip;]<\/p>\n","protected":false},"author":1,"featured_media":0,"parent":0,"menu_order":0,"comment_status":"closed","ping_status":"closed","template":"","meta":{"_uag_custom_page_level_css":"","site-sidebar-layout":"no-sidebar","site-content-layout":"plain-container","ast-site-content-layout":"normal-width-container","site-content-style":"unboxed","site-sidebar-style":"unboxed","ast-global-header-display":"","ast-banner-title-visibility":"","ast-main-header-display":"","ast-hfb-above-header-display":"","ast-hfb-below-header-display":"","ast-hfb-mobile-header-display":"","site-post-title":"disabled","ast-breadcrumbs-content":"","ast-featured-img":"disabled","footer-sml-layout":"","ast-disable-related-posts":"","theme-transparent-header-meta":"enabled","adv-header-id-meta":"","stick-header-meta":"","header-above-stick-meta":"","header-main-stick-meta":"","header-below-stick-meta":"","astra-migrate-meta-layouts":"set","ast-page-background-enabled":"default","ast-page-background-meta":{"desktop":{"background-color":"","background-image":"","background-repeat":"repeat","background-position":"center center","background-size":"auto","background-attachment":"scroll","background-type":"","background-media":"","overlay-type":"","overlay-color":"","overlay-opacity":"","overlay-gradient":""},"tablet":{"background-color":"","background-image":"","background-repeat":"repeat","background-position":"center center","background-size":"auto","background-attachment":"scroll","background-type":"","background-media":"","overlay-type":"","overlay-color":"","overlay-opacity":"","overlay-gradient":""},"mobile":{"background-color":"","background-image":"","background-repeat":"repeat","background-position":"center center","background-size":"auto","background-attachment":"scroll","background-type":"","background-media":"","overlay-type":"","overlay-color":"","overlay-opacity":"","overlay-gradient":""}},"ast-content-background-meta":{"desktop":{"background-color":"var(--ast-global-color-5)","background-image":"","background-repeat":"repeat","background-position":"center center","background-size":"auto","background-attachment":"scroll","background-type":"","background-media":"","overlay-type":"","overlay-color":"","overlay-opacity":"","overlay-gradient":""},"tablet":{"background-color":"var(--ast-global-color-5)","background-image":"","background-repeat":"repeat","background-position":"center center","background-size":"auto","background-attachment":"scroll","background-type":"","background-media":"","overlay-type":"","overlay-color":"","overlay-opacity":"","overlay-gradient":""},"mobile":{"background-color":"var(--ast-global-color-5)","background-image":"","background-repeat":"repeat","background-position":"center center","background-size":"auto","background-attachment":"scroll","background-type":"","background-media":"","overlay-type":"","overlay-color":"","overlay-opacity":"","overlay-gradient":""}},"footnotes":""},"class_list":["post-966","page","type-page","status-publish","hentry"],"uagb_featured_image_src":{"full":false,"thumbnail":false,"medium":false,"medium_large":false,"large":false,"1536x1536":false,"2048x2048":false,"trp-custom-language-flag":false},"uagb_author_info":{"display_name":"fadcanada","author_link":"https:\/\/fadc.ca\/fr\/author\/fadcanada\/"},"uagb_comment_info":0,"uagb_excerpt":"About US Our Purpose To provide an opportunity for people with disabilities to participate in the challenging sport of scuba diving. According to Statistics Canada, in 2022, approximately 10.6% of the Canadian population had a mobility disability. This is the client group of Freedom at Depth Canada. There is currently no other Canadian organization that&hellip;","_links":{"self":[{"href":"https:\/\/fadc.ca\/fr\/wp-json\/wp\/v2\/pages\/966","targetHints":{"allow":["GET"]}}],"collection":[{"href":"https:\/\/fadc.ca\/fr\/wp-json\/wp\/v2\/pages"}],"about":[{"href":"https:\/\/fadc.ca\/fr\/wp-json\/wp\/v2\/types\/page"}],"author":[{"embeddable":true,"href":"https:\/\/fadc.ca\/fr\/wp-json\/wp\/v2\/users\/1"}],"replies":[{"embeddable":true,"href":"https:\/\/fadc.ca\/fr\/wp-json\/wp\/v2\/comments?post=966"}],"version-history":[{"count":18,"href":"https:\/\/fadc.ca\/fr\/wp-json\/wp\/v2\/pages\/966\/revisions"}],"predecessor-version":[{"id":2419,"href":"https:\/\/fadc.ca\/fr\/wp-json\/wp\/v2\/pages\/966\/revisions\/2419"}],"wp:attachment":[{"href":"https:\/\/fadc.ca\/fr\/wp-json\/wp\/v2\/media?parent=966"}],"curies":[{"name":"wp","href":"https:\/\/api.w.org\/{rel}","templated":true}]}}