{"id":960,"date":"2020-09-15T09:51:01","date_gmt":"2020-09-15T09:51:01","guid":{"rendered":"https:\/\/fadc.ca\/?page_id=960"},"modified":"2026-01-09T21:38:00","modified_gmt":"2026-01-09T21:38:00","slug":"home","status":"publish","type":"page","link":"https:\/\/fadc.ca\/fr\/","title":{"rendered":"Libert\u00e9 en Profondeur Canada"},"content":{"rendered":"<div class=\"wp-block-uagb-container uagb-block-9e921da0 alignfull uagb-is-root-container\"><div class=\"uagb-container-inner-blocks-wrap\">\n<p><\/p>\n\n\n\n<p><\/p>\n\n\n\n<p><\/p>\n\n\n\n<p><\/p>\n\n\n\n<h2 class=\"wp-block-heading has-text-align-center has-ast-global-color-5-color has-text-color has-link-color has-x-large-font-size wp-elements-f7f3c3d057c7d721f8558eac5e1a1078\">Libert\u00e9 en Profondeur Canada<\/h2>\n\n\n\n<div class=\"wp-block-buttons is-content-justification-center is-layout-flex wp-container-core-buttons-is-layout-a89b3969 wp-block-buttons-is-layout-flex\">\n<div class=\"wp-block-button\"><a class=\"wp-block-button__link has-vivid-red-background-color has-background wp-element-button\" href=\"https:\/\/fadc.ca\/fr\/donation-page\/\">Donate now!<\/a><\/div>\n<\/div>\n\n\n\n<p><\/p>\n\n\n\n<h2 class=\"wp-block-heading has-text-align-center has-ast-global-color-5-color has-text-color has-link-color has-medium-font-size wp-elements-df4e302c4ea4d1000a689b581245220b\">Scuba Diving for People with Disabilities<\/h2>\n<\/div><\/div>\n\n\n\n<div class=\"wp-block-uagb-container uagb-block-8728f8b0 alignfull uagb-is-root-container\">\n<div class=\"wp-block-uagb-info-box uagb-block-69105792 uagb-infobox__content-wrap  uagb-infobox-icon-right uagb-infobox-right uagb-infobox-stacked-mobile uagb-infobox-reverse-order-mobile uagb-infobox-image-valign-middle\"><div class=\"uagb-ifb-content\"><div class=\"uagb-ifb-title-wrap\"><\/div><p class=\"uagb-ifb-desc\"><br>Comptant plus de 30 ann\u00e9es d\u2019exp\u00e9rience, c\u2019est le groupe par excellence au Canada dont le premier but est d\u2019enseigner la plong\u00e9e sous-marine en scaphandre autonome aux personnes handicap\u00e9es.&nbsp; <br><strong>Notre Misson:<\/strong><br><br>&nbsp;&nbsp;&nbsp; Former des personnes handicap\u00e9es au point o\u00f9 elles ma\u00eetrisent l\u2019habilet\u00e9 et la confiance n\u00e9cessaires pour participer aux activit\u00e9s de plong\u00e9e, un sport que plusieurs, souvent les personnes handicap\u00e9es elles-m\u00eames, croient impossible pour elles.<br><br>La plong\u00e9e sous-marine est une aventure excitante pour tout le monde, et les personnes handicap\u00e9es en profitent encore davantage en b\u00e9n\u00e9ficiant de la sensation de libert\u00e9 et d\u2019autonomie qu\u2019elles peuvent retrouver en apesanteur sous l\u2019eau.\n\n\u200b&nbsp;<br>.<\/p><\/div><div class=\"uagb-ifb-image-content\"><img decoding=\"async\" src=\"https:\/\/fadc.ca\/wp-content\/uploads\/2023\/05\/Bob-Sharks-683x1024.jpg\" alt=\"\" width=\"312\" height=\"467\" loading=\"lazy\"\/><\/div><\/div>\n\n\n\n<div class=\"inherit-container-width wp-block-group is-layout-constrained wp-block-group-is-layout-constrained\">\n<div class=\"wp-block-uagb-info-box uagb-block-74a6deb9 uagb-infobox__content-wrap  uagb-infobox-icon-left uagb-infobox-left uagb-infobox-stacked-mobile uagb-infobox-image-valign-middle\"><div class=\"uagb-ifb-image-content\"><img decoding=\"async\" src=\"https:\/\/fadc.ca\/wp-content\/uploads\/2024\/06\/Morrisons-JIL07603-2-1024x683.jpg\" alt=\"\" width=\"500\" height=\"333\" loading=\"lazy\"\/><\/div><div class=\"uagb-ifb-content\"><div class=\"uagb-ifb-title-wrap\"><\/div><p class=\"uagb-ifb-desc\"><br><strong>Le cours Open Water HSA fournit aux personnes handicap\u00e9es les pr\u00e9 requis n\u00e9cessaires pour plonger partout au monde.<\/strong>.<br><br>Cette formation est sp\u00e9cialement con\u00e7ue pour s\u2019adapter aux besoins sp\u00e9cifiques de chaque candidat, privil\u00e9giant sa s\u00e9curit\u00e9 et celle de son ou ses compagnons de plong\u00e9e (bin\u00f4me).<br><\/p><\/div><\/div>\n<\/div>\n<\/div>\n\n\n\n<p>&nbsp;<\/p>\n\n\n\n<figure class=\"wp-block-image size-large\"><img loading=\"lazy\" decoding=\"async\" width=\"1024\" height=\"683\" src=\"https:\/\/fadc.ca\/wp-content\/uploads\/2026\/01\/Diane-in-Cave-1024x683.jpg\" alt=\"\" class=\"wp-image-2523\" srcset=\"https:\/\/fadc.ca\/wp-content\/uploads\/2026\/01\/Diane-in-Cave-1024x683.jpg 1024w, https:\/\/fadc.ca\/wp-content\/uploads\/2026\/01\/Diane-in-Cave-300x200.jpg 300w, https:\/\/fadc.ca\/wp-content\/uploads\/2026\/01\/Diane-in-Cave-768x512.jpg 768w, https:\/\/fadc.ca\/wp-content\/uploads\/2026\/01\/Diane-in-Cave-1536x1024.jpg 1536w, https:\/\/fadc.ca\/wp-content\/uploads\/2026\/01\/Diane-in-Cave-2048x1365.jpg 2048w, https:\/\/fadc.ca\/wp-content\/uploads\/2026\/01\/Diane-in-Cave-18x12.jpg 18w\" sizes=\"auto, (max-width: 1024px) 100vw, 1024px\" \/><\/figure>\n\n\n\n<p><\/p>","protected":false},"excerpt":{"rendered":"<p>Freedom at Depth Canada Scuba Diving for People with Disabilities &nbsp;<\/p>","protected":false},"author":1,"featured_media":0,"parent":0,"menu_order":0,"comment_status":"closed","ping_status":"closed","template":"","meta":{"_uag_custom_page_level_css":"","site-sidebar-layout":"no-sidebar","site-content-layout":"plain-container","ast-site-content-layout":"normal-width-container","site-content-style":"unboxed","site-sidebar-style":"unboxed","ast-global-header-display":"","ast-banner-title-visibility":"","ast-main-header-display":"","ast-hfb-above-header-display":"","ast-hfb-below-header-display":"","ast-hfb-mobile-header-display":"","site-post-title":"disabled","ast-breadcrumbs-content":"","ast-featured-img":"disabled","footer-sml-layout":"","ast-disable-related-posts":"","theme-transparent-header-meta":"enabled","adv-header-id-meta":"","stick-header-meta":"","header-above-stick-meta":"","header-main-stick-meta":"","header-below-stick-meta":"","astra-migrate-meta-layouts":"set","ast-page-background-enabled":"default","ast-page-background-meta":{"desktop":{"background-color":"","background-image":"","background-repeat":"repeat","background-position":"center center","background-size":"auto","background-attachment":"scroll","background-type":"","background-media":"","overlay-type":"","overlay-color":"","overlay-opacity":"","overlay-gradient":""},"tablet":{"background-color":"","background-image":"","background-repeat":"repeat","background-position":"center center","background-size":"auto","background-attachment":"scroll","background-type":"","background-media":"","overlay-type":"","overlay-color":"","overlay-opacity":"","overlay-gradient":""},"mobile":{"background-color":"","background-image":"","background-repeat":"repeat","background-position":"center center","background-size":"auto","background-attachment":"scroll","background-type":"","background-media":"","overlay-type":"","overlay-color":"","overlay-opacity":"","overlay-gradient":""}},"ast-content-background-meta":{"desktop":{"background-color":"var(--ast-global-color-5)","background-image":"","background-repeat":"repeat","background-position":"center center","background-size":"auto","background-attachment":"scroll","background-type":"","background-media":"","overlay-type":"","overlay-color":"","overlay-opacity":"","overlay-gradient":""},"tablet":{"background-color":"var(--ast-global-color-5)","background-image":"","background-repeat":"repeat","background-position":"center center","background-size":"auto","background-attachment":"scroll","background-type":"","background-media":"","overlay-type":"","overlay-color":"","overlay-opacity":"","overlay-gradient":""},"mobile":{"background-color":"var(--ast-global-color-5)","background-image":"","background-repeat":"repeat","background-position":"center center","background-size":"auto","background-attachment":"scroll","background-type":"","background-media":"","overlay-type":"","overlay-color":"","overlay-opacity":"","overlay-gradient":""}},"footnotes":""},"class_list":["post-960","page","type-page","status-publish","hentry"],"uagb_featured_image_src":{"full":false,"thumbnail":false,"medium":false,"medium_large":false,"large":false,"1536x1536":false,"2048x2048":false,"trp-custom-language-flag":false},"uagb_author_info":{"display_name":"fadcanada","author_link":"https:\/\/fadc.ca\/fr\/author\/fadcanada\/"},"uagb_comment_info":0,"uagb_excerpt":"Freedom at Depth Canada Scuba Diving for People with Disabilities &nbsp;","_links":{"self":[{"href":"https:\/\/fadc.ca\/fr\/wp-json\/wp\/v2\/pages\/960","targetHints":{"allow":["GET"]}}],"collection":[{"href":"https:\/\/fadc.ca\/fr\/wp-json\/wp\/v2\/pages"}],"about":[{"href":"https:\/\/fadc.ca\/fr\/wp-json\/wp\/v2\/types\/page"}],"author":[{"embeddable":true,"href":"https:\/\/fadc.ca\/fr\/wp-json\/wp\/v2\/users\/1"}],"replies":[{"embeddable":true,"href":"https:\/\/fadc.ca\/fr\/wp-json\/wp\/v2\/comments?post=960"}],"version-history":[{"count":54,"href":"https:\/\/fadc.ca\/fr\/wp-json\/wp\/v2\/pages\/960\/revisions"}],"predecessor-version":[{"id":2529,"href":"https:\/\/fadc.ca\/fr\/wp-json\/wp\/v2\/pages\/960\/revisions\/2529"}],"wp:attachment":[{"href":"https:\/\/fadc.ca\/fr\/wp-json\/wp\/v2\/media?parent=960"}],"curies":[{"name":"wp","href":"https:\/\/api.w.org\/{rel}","templated":true}]}}