{"id":2102,"date":"2023-05-12T01:14:19","date_gmt":"2023-05-12T01:14:19","guid":{"rendered":"https:\/\/fadc.ca\/?page_id=2102"},"modified":"2026-01-09T18:45:04","modified_gmt":"2026-01-09T18:45:04","slug":"medical-form","status":"publish","type":"page","link":"https:\/\/fadc.ca\/fr\/medical-form\/","title":{"rendered":"Formulaire Medical"},"content":{"rendered":"<div class=\"wp-block-group alignwide is-vertical is-layout-flex wp-container-core-group-is-layout-5717821e wp-block-group-is-layout-flex\" style=\"padding-top:2%;padding-right:2%;padding-bottom:2%;padding-left:2%\">\n<div class=\"wp-block-columns alignwide is-layout-flex wp-container-core-columns-is-layout-d2da2050 wp-block-columns-is-layout-flex\" style=\"margin-bottom:0\">\n<div class=\"wp-block-column has-text-color has-background has-link-color has-large-font-size wp-elements-63823cac444791881fa2eb13fd37bace is-layout-flow wp-block-column-is-layout-flow\" style=\"color:#000000;background-color:#c0ebf1;padding-top:var(--wp--preset--spacing--30);padding-right:var(--wp--preset--spacing--30);padding-bottom:var(--wp--preset--spacing--30);padding-left:var(--wp--preset--spacing--30)\">\n<h2 class=\"wp-block-heading has-large-font-size\" id=\"single\">Instructions sur le Formulaire Medical<\/h2>\n\n\n\n<p class=\"has-medium-font-size\" style=\"line-height:1.5\">S\u2019il vous plait, lire et suivre exactement ces directives afin de remplir le formulaire m\u00e9dical. Si le formulaire n\u2019est pas rempli correctement, vous devrez le remplir de nouveau.<\/p>\n\n\n\n<hr class=\"wp-block-separator has-text-color has-css-opacity has-background is-style-wide\" style=\"background-color:#000000;color:#000000\"\/>\n\n\n\n<p class=\"has-medium-font-size\">Page 1 :\n\nQuestions 1 \u00e0 10. Si vous avez r\u00e9pondu NON \u00e0 toutes les questions, vous n\u2019avez pas \u00e0 r\u00e9pondre aux questions de la page 2. Sur la page 3, remplir votre nom, date de naissance et faire signer votre m\u00e9decin.<\/p>\n\n\n\n<p class=\"has-medium-font-size\">Page 2 : En r\u00e9pondant OUI \u00e0 une ou plusieurs questions de la page 1, \u00e0 la page 2, vous devez remplir les informations des cases correspondantes.\n\nSur la page 3, faire signer votre m\u00e9decin.<\/p>\n\n\n\n<p class=\"has-ast-global-color-2-color has-text-color\" style=\"padding-top:var(--wp--preset--spacing--20);padding-right:var(--wp--preset--spacing--20);padding-bottom:var(--wp--preset--spacing--20);padding-left:var(--wp--preset--spacing--20);font-size:23px\"><strong>**** \u00c0 NOTER \u2013 Si votre m\u00e9decin inscrit une condition sur le formulaire, nous devons refuser votre inscription. Nos assurances nous y obligent.<\/strong><\/p>\n\n\n\n<p class=\"has-medium-font-size\">Aussit\u00f4t que le formulaire m\u00e9dical est rempli et sign\u00e9 par le m\u00e9decin, vous devez l\u2019 envoyer par e-mail \u00e0 Hubert, pour v\u00e9rification. Au premier cours, vous nous donnerez l\u2019original qui sera conserv\u00e9 dans votre dossier d\u2019\u00e9tudiant.<\/p>\n\n\n\n<div class=\"wp-block-buttons alignfull is-horizontal is-content-justification-center is-layout-flex wp-container-core-buttons-is-layout-03627597 wp-block-buttons-is-layout-flex\">\n<div class=\"wp-block-button has-custom-width wp-block-button__width-100 has-custom-font-size has-medium-font-size\"><a class=\"wp-block-button__link has-white-color has-ast-global-color-1-background-color has-text-color has-background wp-element-button\" href=\"https:\/\/www.uhms.org\/images\/Recreational-Diving-Medical-Screening-System\/forms\/Diver_Medical_Participant_Questionnaire_10346_FRA_French_2022-02-01.pdf\" target=\"_blank\" rel=\"noreferrer noopener\">Formulaire Medical<\/a><\/div>\n<\/div>\n\n\n\n<p class=\"has-medium-font-size\" style=\"line-height:1.5\">Si votre m\u00e9decin \u00e0 besoin d\u2019informations suppl\u00e9mentaires, s\u2019il vous plait, consultez le document suivant. <\/p>\n\n\n\n<div class=\"wp-block-buttons is-layout-flex wp-block-buttons-is-layout-flex\">\n<div class=\"wp-block-button has-custom-width wp-block-button__width-100 has-custom-font-size is-style-fill has-medium-font-size\"><a class=\"wp-block-button__link has-ast-global-color-1-background-color has-background wp-element-button\" href=\"https:\/\/www.uhms.org\/images\/Recreational-Diving-Medical-Screening-System\/forms\/Diving_Medical_Guidance_FRA_French_2021-09-16.pdf\" target=\"_blank\" rel=\"noreferrer noopener\">Guide M\u00e9dical de Plong\u00e9e<\/a><\/div>\n<\/div>\n<\/div>\n<\/div>\n<\/div>","protected":false},"excerpt":{"rendered":"<p>Medical Form Instructions Please read and follow these instructions carefully to fill out the medical form. If the form is not filled out as instructed, you will need to redo it. Page 1: If you have answered NO to all of the Questions 1 to 10, you do not need to answer any of the [&hellip;]<\/p>\n","protected":false},"author":1,"featured_media":0,"parent":0,"menu_order":0,"comment_status":"closed","ping_status":"closed","template":"","meta":{"_uag_custom_page_level_css":"","site-sidebar-layout":"default","site-content-layout":"","ast-site-content-layout":"default","site-content-style":"default","site-sidebar-style":"default","ast-global-header-display":"","ast-banner-title-visibility":"","ast-main-header-display":"","ast-hfb-above-header-display":"","ast-hfb-below-header-display":"","ast-hfb-mobile-header-display":"","site-post-title":"disabled","ast-breadcrumbs-content":"","ast-featured-img":"","footer-sml-layout":"","ast-disable-related-posts":"","theme-transparent-header-meta":"","adv-header-id-meta":"","stick-header-meta":"","header-above-stick-meta":"","header-main-stick-meta":"","header-below-stick-meta":"","astra-migrate-meta-layouts":"set","ast-page-background-enabled":"default","ast-page-background-meta":{"desktop":{"background-color":"","background-image":"","background-repeat":"repeat","background-position":"center center","background-size":"auto","background-attachment":"scroll","background-type":"","background-media":"","overlay-type":"","overlay-color":"","overlay-opacity":"","overlay-gradient":""},"tablet":{"background-color":"","background-image":"","background-repeat":"repeat","background-position":"center center","background-size":"auto","background-attachment":"scroll","background-type":"","background-media":"","overlay-type":"","overlay-color":"","overlay-opacity":"","overlay-gradient":""},"mobile":{"background-color":"","background-image":"","background-repeat":"repeat","background-position":"center center","background-size":"auto","background-attachment":"scroll","background-type":"","background-media":"","overlay-type":"","overlay-color":"","overlay-opacity":"","overlay-gradient":""}},"ast-content-background-meta":{"desktop":{"background-color":"var(--ast-global-color-5)","background-image":"","background-repeat":"repeat","background-position":"center center","background-size":"auto","background-attachment":"scroll","background-type":"","background-media":"","overlay-type":"","overlay-color":"","overlay-opacity":"","overlay-gradient":""},"tablet":{"background-color":"var(--ast-global-color-5)","background-image":"","background-repeat":"repeat","background-position":"center center","background-size":"auto","background-attachment":"scroll","background-type":"","background-media":"","overlay-type":"","overlay-color":"","overlay-opacity":"","overlay-gradient":""},"mobile":{"background-color":"var(--ast-global-color-5)","background-image":"","background-repeat":"repeat","background-position":"center center","background-size":"auto","background-attachment":"scroll","background-type":"","background-media":"","overlay-type":"","overlay-color":"","overlay-opacity":"","overlay-gradient":""}},"footnotes":""},"class_list":["post-2102","page","type-page","status-publish","hentry"],"uagb_featured_image_src":{"full":false,"thumbnail":false,"medium":false,"medium_large":false,"large":false,"1536x1536":false,"2048x2048":false,"trp-custom-language-flag":false},"uagb_author_info":{"display_name":"fadcanada","author_link":"https:\/\/fadc.ca\/fr\/author\/fadcanada\/"},"uagb_comment_info":0,"uagb_excerpt":"Medical Form Instructions Please read and follow these instructions carefully to fill out the medical form. If the form is not filled out as instructed, you will need to redo it. Page 1: If you have answered NO to all of the Questions 1 to 10, you do not need to answer any of the&hellip;","_links":{"self":[{"href":"https:\/\/fadc.ca\/fr\/wp-json\/wp\/v2\/pages\/2102","targetHints":{"allow":["GET"]}}],"collection":[{"href":"https:\/\/fadc.ca\/fr\/wp-json\/wp\/v2\/pages"}],"about":[{"href":"https:\/\/fadc.ca\/fr\/wp-json\/wp\/v2\/types\/page"}],"author":[{"embeddable":true,"href":"https:\/\/fadc.ca\/fr\/wp-json\/wp\/v2\/users\/1"}],"replies":[{"embeddable":true,"href":"https:\/\/fadc.ca\/fr\/wp-json\/wp\/v2\/comments?post=2102"}],"version-history":[{"count":5,"href":"https:\/\/fadc.ca\/fr\/wp-json\/wp\/v2\/pages\/2102\/revisions"}],"predecessor-version":[{"id":2524,"href":"https:\/\/fadc.ca\/fr\/wp-json\/wp\/v2\/pages\/2102\/revisions\/2524"}],"wp:attachment":[{"href":"https:\/\/fadc.ca\/fr\/wp-json\/wp\/v2\/media?parent=2102"}],"curies":[{"name":"wp","href":"https:\/\/api.w.org\/{rel}","templated":true}]}}