{"id":1646,"date":"2023-03-09T14:08:33","date_gmt":"2023-03-09T14:08:33","guid":{"rendered":"https:\/\/fadc.ca\/?page_id=1646"},"modified":"2024-06-07T15:11:32","modified_gmt":"2024-06-07T15:11:32","slug":"teach-adaptive-diving","status":"publish","type":"page","link":"https:\/\/fadc.ca\/fr\/teach-adaptive-diving\/","title":{"rendered":"Handicapped Scuba Association (HSA)"},"content":{"rendered":"<div class=\"wp-block-uagb-advanced-heading uagb-block-b77ecd5e\" id=\"itc-section\"><h2 class=\"uagb-heading-text\">Cours de Formation d\u2019Instructeur\n(ITC-Instructor Training Course)<\/h2><\/div>\n\n\n\n<div class=\"wp-block-columns is-layout-flex wp-container-core-columns-is-layout-28f84493 wp-block-columns-is-layout-flex\">\n<div class=\"wp-block-column is-layout-flow wp-block-column-is-layout-flow\" style=\"flex-basis:100%\">\n<div class=\"wp-block-media-text alignwide has-media-on-the-right is-stacked-on-mobile\"><div class=\"wp-block-media-text__content\">\n<p class=\"has-medium-font-size\">Le but du cours est de sensibiliser les ma\u00eetres plongeurs et les instructeurs aux d\u00e9ficiences physiques et aux particularit\u00e9s que rec\u00e8le l\u2019enseignement de la plong\u00e9e aux personnes handicap\u00e9es. Une grande partie du cours pourrait b\u00e9n\u00e9ficier \u00e0 l\u2019ensemble de la population, plongeurs ou non. On y apprend une foule de renseignements sur les diff\u00e9rentes d\u00e9ficiences et sur les difficult\u00e9s auxquelles font face les personnes handicap\u00e9es : l\u2019accessibilit\u00e9, les d\u00e9placements, et les situations sp\u00e9ciales en plong\u00e9e.<\/p>\n<\/div><figure class=\"wp-block-media-text__media\"><img loading=\"lazy\" decoding=\"async\" width=\"768\" height=\"1024\" src=\"https:\/\/fadc.ca\/wp-content\/uploads\/2023\/03\/IMG-6752-2-768x1024.jpg\" alt=\"\" class=\"wp-image-1894 size-full\" srcset=\"https:\/\/fadc.ca\/wp-content\/uploads\/2023\/03\/IMG-6752-2-768x1024.jpg 768w, https:\/\/fadc.ca\/wp-content\/uploads\/2023\/03\/IMG-6752-2-225x300.jpg 225w, https:\/\/fadc.ca\/wp-content\/uploads\/2023\/03\/IMG-6752-2-1152x1536.jpg 1152w, https:\/\/fadc.ca\/wp-content\/uploads\/2023\/03\/IMG-6752-2-1536x2048.jpg 1536w, https:\/\/fadc.ca\/wp-content\/uploads\/2023\/03\/IMG-6752-2-scaled.jpg 1920w\" sizes=\"auto, (max-width: 768px) 100vw, 768px\" \/><\/figure><\/div>\n<\/div>\n<\/div>\n\n\n\n<div class=\"wp-block-uagb-advanced-heading uagb-block-d59d4002\"><h3 class=\"uagb-heading-text\">Conditions d\u2019Admissibilit\u00e9 : <\/h3><\/div>\n\n\n\n<div class=\"wp-block-group is-vertical is-content-justification-left is-layout-flex wp-container-core-group-is-layout-dd225191 wp-block-group-is-layout-flex\">\n<p class=\"has-text-align-left has-ast-global-color-2-color has-text-color has-medium-font-size\"><strong>Les instructeurs de plong\u00e9e<\/strong> qualifi\u00e9s par une agence reconnue, poss\u00e9dant le statut d\u2019enseignant actif et pleinement assur\u00e9s deviennent instructeurs HSA apr\u00e8s avoir compl\u00e9t\u00e9 le cours avec succ\u00e8s.<\/p>\n\n\n\n<div class=\"wp-block-group is-vertical is-content-justification-right is-nowrap is-layout-flex wp-container-core-group-is-layout-0e14f67b wp-block-group-is-layout-flex\">\n<p class=\"has-text-align-left has-ast-global-color-2-color has-text-color has-medium-font-size\" style=\"padding-top:0;padding-right:0;padding-bottom:0;padding-left:0\"><strong>Les instructeurs assistants<\/strong> qualifi\u00e9s par une agence reconnue et pleinement assur\u00e9s deviennent instructeurs assistants HSA apr\u00e8s avoir compl\u00e9t\u00e9 le cours avec succ\u00e8s. Si, \u00e0 une date ult\u00e9rieure, ils obtiennent la certification d\u2019instructeur, ils peuvent devenir instructeurs HSA en communiquant au HSA leur nouveau statut d\u2019enseignant.<\/p>\n\n\n\n<p class=\"has-text-align-left has-ast-global-color-2-color has-text-color has-medium-font-size\"><strong>Les ma\u00eetres plongeurs<\/strong> qualifi\u00e9s par une agence reconnue et pleinement assur\u00e9s deviennent ma\u00eetres plongeurs HSA apr\u00e8s avoir compl\u00e9t\u00e9 le cours avec succ\u00e8s. Si, \u00e0 une date ult\u00e9rieure, ils obtiennent la certification d\u2019instructeur, ils peuvent devenir instructeurs HSA en communiquant au HSA leur nouveau statut d\u2019enseignant.<\/p>\n<\/div>\n<\/div>\n\n\n\n<div class=\"wp-block-uagb-advanced-heading uagb-block-5a7fbc12\"><h3 class=\"uagb-heading-text\">Horaire :<\/h3><\/div>\n\n\n\n<div class=\"wp-block-group is-vertical is-layout-flex wp-container-core-group-is-layout-fe9cc265 wp-block-group-is-layout-flex\">\n<p class=\"has-ast-global-color-2-color has-text-color has-medium-font-size\">Le cours est s\u00e9par\u00e9 en deux (2) sections. La premi\u00e8re comporte une section th\u00e9orique et une pratique en piscine.<\/p>\n\n\n\n<p class=\"has-ast-global-color-2-color has-text-color has-medium-font-size\">Trois (3) jours de 9am \u00e0 9pm sont requis pour la th\u00e9orie, pour les formalit\u00e9s d\u2019inscription, l\u2019examen th\u00e9orique et sept (7) heures d\u2019exercice en piscine.<\/p>\n\n\n\n<p class=\"has-ast-global-color-2-color has-text-color has-medium-font-size\">La deuxi\u00e8me section est un bloc de cinq (5) heures en milieu naturel ad\u00e9quat pour pratiquer les entr\u00e9es et les sorties de l\u2019eau avec les personnes handicap\u00e9es. Cette deuxi\u00e8me section se d\u00e9roule lorsque les conditions climatiques le permettent.<\/p>\n<\/div>\n\n\n\n<div class=\"wp-block-uagb-advanced-heading uagb-block-c923605b\"><h3 class=\"uagb-heading-text\">\u00c9quipement requis :<\/h3><\/div>\n\n\n\n<div class=\"wp-block-columns is-layout-flex wp-container-core-columns-is-layout-28f84493 wp-block-columns-is-layout-flex\">\n<div class=\"wp-block-column is-layout-flow wp-block-column-is-layout-flow\" style=\"flex-basis:100%\">\n<p class=\"has-ast-global-color-2-color has-text-color has-medium-font-size\">Pour la pratique en piscine, vous devrez apporter votre combinaison de plong\u00e9e car m\u00eame si l\u2019eau de la piscine est chauff\u00e9e, il y a 7 heures en piscine. Il faudra aussi une veste de flottabilit\u00e9 traditionnelle pour la plong\u00e9e recr\u00e9ationnelle, les poids int\u00e9gr\u00e9s sont pr\u00e9f\u00e9rables. Les vestes de flottabilit\u00e9 techniques \u2018Back inflate or wing\u2019 ne sont pas acceptables pour ce genre de travail.<\/p>\n\n\n\n<p class=\"has-ast-global-color-2-color has-text-color has-medium-font-size\">Pour la partie acad\u00e9mique vous aurez besoin d\u2019une tablette de papier, un stylo, un surligneur et un ordinateur ou une tablette.\" <\/p>\n\n\n\n<p class=\"has-ast-global-color-2-color has-text-color has-medium-font-size\">Les combinaisons \u00e9tanches ne sont pas accept\u00e9es pour la partie en eau libre de ce cours. Certains exercices n\u00e9cessitent de simuler un plongeur \u00e0 mobilit\u00e9 r\u00e9duite, et il est presque impossible de nager pour quelqu'un qui utilise une combinaison \u00e9tanche.<\/p>\n<\/div>\n<\/div>\n\n\n\n<div class=\"wp-block-uagb-advanced-heading uagb-block-abb3b065\" id=\"apprenticeship\"><h3 class=\"uagb-heading-text\">Apprentissage :<\/h3><\/div>\n\n\n\n<div class=\"wp-block-group is-vertical is-layout-flex wp-container-core-group-is-layout-fe9cc265 wp-block-group-is-layout-flex\">\n<div class=\"wp-block-media-text alignwide has-media-on-the-right is-stacked-on-mobile is-vertically-aligned-center\" style=\"margin-top:0;margin-right:0;margin-bottom:0;margin-left:0;grid-template-columns:auto 54%\"><div class=\"wp-block-media-text__content\">\n<p class=\"has-ast-global-color-2-color has-text-color has-medium-font-size\" style=\"padding-top:0;padding-right:0;padding-bottom:0;padding-left:0\">Afin de motiver les ma\u00eetres plongeurs HSA, les instructeurs assistants et les instructeurs \u00e0 enseigner aux personnes handicap\u00e9es, Libert\u00e9 en profondeur s\u2019engage \u00e0 fournir les avantages suivants :<\/p>\n\n\n\n<p class=\"has-ast-global-color-2-color has-text-color has-medium-font-size\">Tous les ma\u00eetres plongeurs HSA, les instructeurs assistants et les instructeurs qui veulent une exp\u00e9rience pratique peuvent assister Hubert Chr\u00e9tien dans la piscine ou en eau libre quand il enseigne aux personnes handicap\u00e9es.<\/p>\n<\/div><figure class=\"wp-block-media-text__media\"><img loading=\"lazy\" decoding=\"async\" width=\"1024\" height=\"681\" src=\"https:\/\/fadc.ca\/wp-content\/uploads\/2023\/08\/DSC7004-1024x681.jpeg\" alt=\"\" class=\"wp-image-2306 size-full\" srcset=\"https:\/\/fadc.ca\/wp-content\/uploads\/2023\/08\/DSC7004-1024x681.jpeg 1024w, https:\/\/fadc.ca\/wp-content\/uploads\/2023\/08\/DSC7004-300x200.jpeg 300w, https:\/\/fadc.ca\/wp-content\/uploads\/2023\/08\/DSC7004-768x511.jpeg 768w, https:\/\/fadc.ca\/wp-content\/uploads\/2023\/08\/DSC7004-1536x1022.jpeg 1536w, https:\/\/fadc.ca\/wp-content\/uploads\/2023\/08\/DSC7004-2048x1363.jpeg 2048w, https:\/\/fadc.ca\/wp-content\/uploads\/2023\/08\/DSC7004-18x12.jpeg 18w\" sizes=\"auto, (max-width: 1024px) 100vw, 1024px\" \/><\/figure><\/div>\n\n\n\n<p class=\"has-medium-font-size\">Les instructeurs nouvellement qualifi\u00e9s qui ont le potentiel d\u2019enseigner aux personnes handicap\u00e9es mais qui n\u2019auraient pas encore la confiance voulue peuvent recevoir autant d\u2019aide d\u2019Hubert Chr\u00e9tien qu\u2019ils le d\u00e9sirent gratuitement. M. Chr\u00e9tien peut enseigner conjointement en piscine ou en eau libre. La piscine et les am\u00e9nagements de Libert\u00e9 en profondeur seront mis \u00e0 votre disposition pour la partie en piscine. M. Chr\u00e9tien serait pr\u00eat \u00e0 voyager pour aider avec vos introductions.<\/p>\n<\/div>\n\n\n\n<div class=\"wp-block-uagb-advanced-heading uagb-block-f410b851\" id=\"dive-buddy\"><h2 class=\"uagb-heading-text\">Programme de Copain de Plong\u00e9e :<\/h2><\/div>\n\n\n\n<div class=\"wp-block-columns is-layout-flex wp-container-core-columns-is-layout-28f84493 wp-block-columns-is-layout-flex\">\n<div class=\"wp-block-column is-vertically-aligned-center is-layout-flow wp-block-column-is-layout-flow\">\n<p class=\"has-ast-global-color-2-color has-text-color has-medium-font-size\">En suivant ce programme les plongeurs non handicap\u00e9s ouvrent leur univers sous-marin aux plongeurs handicap\u00e9s.<\/p>\n\n\n\n<p class=\"has-ast-global-color-2-color has-text-color has-medium-font-size\">Le cours couvre une foule de renseignements sur les divers handicaps et sur les difficult\u00e9s auxquelles font face les personnes handicap\u00e9es, dont :<\/p>\n\n\n\n<div class=\"wp-block-group is-vertical is-nowrap is-layout-flex wp-container-core-group-is-layout-6fe931d8 wp-block-group-is-layout-flex\">\n<div class=\"wp-block-group is-vertical is-content-justification-left is-layout-flex wp-container-core-group-is-layout-dd225191 wp-block-group-is-layout-flex\">\n<div class=\"wp-block-group is-vertical is-layout-flex wp-container-core-group-is-layout-fe9cc265 wp-block-group-is-layout-flex\">\n<p class=\"has-ast-global-color-2-color has-text-color has-medium-font-size\" style=\"font-style:normal;font-weight:600;line-height:1\">l\u2019Accessibilit\u00e9<\/p>\n\n\n\n<div class=\"wp-block-group has-ast-global-color-2-color has-text-color has-medium-font-size is-nowrap is-layout-flex wp-container-core-group-is-layout-6c531013 wp-block-group-is-layout-flex\">\n<p class=\"has-ast-global-color-2-color has-text-color\" style=\"font-style:normal;font-weight:600;line-height:1\">Les Situations Sp\u00e9ciales en Plong\u00e9e<\/p>\n<\/div>\n\n\n\n<p class=\"has-ast-global-color-2-color has-text-color has-medium-font-size\" style=\"font-style:normal;font-weight:600;line-height:1\">Les D\u00e9placements<\/p>\n<\/div>\n<\/div>\n<\/div>\n\n\n\n<p class=\"has-ast-global-color-2-color has-text-color has-medium-font-size\"><br>Plongeurs ou non, le cours enseigne des \u00e9l\u00e9ments utiles pour tous!<\/p>\n\n\n\n<p class=\"has-text-align-left has-ast-global-color-2-color has-text-color has-medium-font-size\">\u00c0 la fin du cours, vous aurez les comp\u00e9tences n\u00e9cessaires pour servir de copain principal \u00e0 un plongeur HSA de niveau C, c'est-\u00e0-dire un plongeur handicap\u00e9 qui ne peut lui-m\u00eame servir de copain et qui requiert une aide externe. Ces plongeurs ont en fait besoin de deux copains, dont l\u2019un doit \u00eatre qualifi\u00e9 par la HSA. Une partie importante du cours vise \u00e0 perfectionner les techniques de plong\u00e9e et il fait de quiconque le suit un plongeur plus comp\u00e9tent.<\/p>\n\n\n\n<p class=\"has-text-align-left has-ast-global-color-2-color has-text-color has-medium-font-size\">L\u2019inscription n\u00e9cessite l\u2019obtention pr\u00e9alable du certificat de plongeur en eau libre et un minimum de vingt plong\u00e9es au cours des deux derni\u00e8res ann\u00e9es, avec preuve \u00e0 l\u2019appui.<\/p>\n\n\n\n<p class=\"has-text-align-left has-ast-global-color-2-color has-text-color has-medium-font-size\">Libert\u00e9 en profondeur Canada n\u2019offre pas le cours de copain de plong\u00e9e HSA de fa\u00e7on r\u00e9guli\u00e8re, mais l\u2019incorpore plut\u00f4t au cours de formation d\u2019instructeur de plong\u00e9e HSA (ITC - Cours de formation d\u2019instructeur). L\u2019\u00e9tudiant suit le cours ITC, mais n\u2019est mesur\u00e9 que sur les sections pertinentes au cours de copain de plong\u00e9e. Il re\u00e7oit \u00e9galement une attention individuelle pour certaines sections du cours. Libert\u00e9 en profondeur Canada peut enseigner en priv\u00e9 le cours de copain de plong\u00e9e advenant un besoin pressant.<\/p>\n\n\n\n<p class=\"has-text-align-left has-ast-global-color-2-color has-text-color has-medium-font-size\">\u00c0 l\u2019instar du cours d\u2019ITC, le programme de copain de plong\u00e9e comprend des cours th\u00e9oriques, en piscine et en eau libre.<\/p>\n\n\n\n<p class=\"has-text-align-left has-ast-global-color-2-color has-text-color has-medium-font-size\">Communiquer avec nous pour de plus amples renseignements sur les copains de plong\u00e9e aux personnes handicap\u00e9es.<\/p>\n<\/div>\n<\/div>","protected":false},"excerpt":{"rendered":"<p>Instructor Trainer Course (ITC) The goal of the ITC is not to teach dive masters and instructors how to teach SCUBA diving, it is to educate them about disability and the special considerations for diving, and teaching diving to people with disabilities. A large portion of this course would be beneficial to everyone, including those [&hellip;]<\/p>\n","protected":false},"author":1,"featured_media":0,"parent":0,"menu_order":0,"comment_status":"closed","ping_status":"closed","template":"","meta":{"_uag_custom_page_level_css":"","site-sidebar-layout":"default","site-content-layout":"","ast-site-content-layout":"default","site-content-style":"default","site-sidebar-style":"default","ast-global-header-display":"","ast-banner-title-visibility":"","ast-main-header-display":"","ast-hfb-above-header-display":"","ast-hfb-below-header-display":"","ast-hfb-mobile-header-display":"","site-post-title":"","ast-breadcrumbs-content":"","ast-featured-img":"","footer-sml-layout":"","ast-disable-related-posts":"","theme-transparent-header-meta":"","adv-header-id-meta":"","stick-header-meta":"","header-above-stick-meta":"","header-main-stick-meta":"","header-below-stick-meta":"","astra-migrate-meta-layouts":"set","ast-page-background-enabled":"default","ast-page-background-meta":{"desktop":{"background-color":"","background-image":"","background-repeat":"repeat","background-position":"center center","background-size":"auto","background-attachment":"scroll","background-type":"","background-media":"","overlay-type":"","overlay-color":"","overlay-opacity":"","overlay-gradient":""},"tablet":{"background-color":"","background-image":"","background-repeat":"repeat","background-position":"center center","background-size":"auto","background-attachment":"scroll","background-type":"","background-media":"","overlay-type":"","overlay-color":"","overlay-opacity":"","overlay-gradient":""},"mobile":{"background-color":"","background-image":"","background-repeat":"repeat","background-position":"center center","background-size":"auto","background-attachment":"scroll","background-type":"","background-media":"","overlay-type":"","overlay-color":"","overlay-opacity":"","overlay-gradient":""}},"ast-content-background-meta":{"desktop":{"background-color":"var(--ast-global-color-5)","background-image":"","background-repeat":"repeat","background-position":"center center","background-size":"auto","background-attachment":"scroll","background-type":"","background-media":"","overlay-type":"","overlay-color":"","overlay-opacity":"","overlay-gradient":""},"tablet":{"background-color":"var(--ast-global-color-5)","background-image":"","background-repeat":"repeat","background-position":"center center","background-size":"auto","background-attachment":"scroll","background-type":"","background-media":"","overlay-type":"","overlay-color":"","overlay-opacity":"","overlay-gradient":""},"mobile":{"background-color":"var(--ast-global-color-5)","background-image":"","background-repeat":"repeat","background-position":"center center","background-size":"auto","background-attachment":"scroll","background-type":"","background-media":"","overlay-type":"","overlay-color":"","overlay-opacity":"","overlay-gradient":""}},"footnotes":""},"class_list":["post-1646","page","type-page","status-publish","hentry"],"uagb_featured_image_src":{"full":false,"thumbnail":false,"medium":false,"medium_large":false,"large":false,"1536x1536":false,"2048x2048":false,"trp-custom-language-flag":false},"uagb_author_info":{"display_name":"fadcanada","author_link":"https:\/\/fadc.ca\/fr\/author\/fadcanada\/"},"uagb_comment_info":0,"uagb_excerpt":"Instructor Trainer Course (ITC) The goal of the ITC is not to teach dive masters and instructors how to teach SCUBA diving, it is to educate them about disability and the special considerations for diving, and teaching diving to people with disabilities. A large portion of this course would be beneficial to everyone, including those&hellip;","_links":{"self":[{"href":"https:\/\/fadc.ca\/fr\/wp-json\/wp\/v2\/pages\/1646","targetHints":{"allow":["GET"]}}],"collection":[{"href":"https:\/\/fadc.ca\/fr\/wp-json\/wp\/v2\/pages"}],"about":[{"href":"https:\/\/fadc.ca\/fr\/wp-json\/wp\/v2\/types\/page"}],"author":[{"embeddable":true,"href":"https:\/\/fadc.ca\/fr\/wp-json\/wp\/v2\/users\/1"}],"replies":[{"embeddable":true,"href":"https:\/\/fadc.ca\/fr\/wp-json\/wp\/v2\/comments?post=1646"}],"version-history":[{"count":17,"href":"https:\/\/fadc.ca\/fr\/wp-json\/wp\/v2\/pages\/1646\/revisions"}],"predecessor-version":[{"id":2486,"href":"https:\/\/fadc.ca\/fr\/wp-json\/wp\/v2\/pages\/1646\/revisions\/2486"}],"wp:attachment":[{"href":"https:\/\/fadc.ca\/fr\/wp-json\/wp\/v2\/media?parent=1646"}],"curies":[{"name":"wp","href":"https:\/\/api.w.org\/{rel}","templated":true}]}}