{"id":1565,"date":"2023-02-23T18:50:21","date_gmt":"2023-02-23T18:50:21","guid":{"rendered":"https:\/\/fadc.ca\/?page_id=1565"},"modified":"2023-11-21T04:29:05","modified_gmt":"2023-11-21T04:29:05","slug":"dive-sites","status":"publish","type":"page","link":"https:\/\/fadc.ca\/fr\/dive-sites\/","title":{"rendered":"Sites"},"content":{"rendered":"<div class=\"wp-block-media-text is-stacked-on-mobile is-vertically-aligned-center\" style=\"grid-template-columns: 42% auto;\">\r\n<figure class=\"wp-block-media-text__media\"><img loading=\"lazy\" decoding=\"async\" width=\"1024\" height=\"768\" class=\"wp-image-1888 size-full\" src=\"https:\/\/fadc.ca\/wp-content\/uploads\/2023\/03\/IMG-18031-1024x768.jpg\" alt=\"\" srcset=\"https:\/\/fadc.ca\/wp-content\/uploads\/2023\/03\/IMG-18031-1024x768.jpg 1024w, https:\/\/fadc.ca\/wp-content\/uploads\/2023\/03\/IMG-18031-300x225.jpg 300w, https:\/\/fadc.ca\/wp-content\/uploads\/2023\/03\/IMG-18031-768x576.jpg 768w, https:\/\/fadc.ca\/wp-content\/uploads\/2023\/03\/IMG-18031-1536x1152.jpg 1536w, https:\/\/fadc.ca\/wp-content\/uploads\/2023\/03\/IMG-18031-2048x1536.jpg 2048w\" sizes=\"auto, (max-width: 1024px) 100vw, 1024px\" \/><\/figure>\r\n<div class=\"wp-block-media-text__content\">\r\n<h3 class=\"wp-block-heading has-text-align-center has-text-color has-large-font-size\" style=\"color: #000000;\">Tall Ships Landing Marina<\/h3>\r\n\r\n\r\n\r\n<p class=\"has-text-align-center has-extra-small-font-size\"><a href=\"https:\/\/www.google.ca\/maps\/place\/15+St+Andrew+St,+Brockville,+ON+K6V+6Z4\/@44.5876148,-75.6829218,17z\/data=!3m1!4b1!4m6!3m5!1s0x4ccd0f76a4d03d0d:0x83ede7ba49b1e41a!8m2!3d44.5876148!4d-75.6829218!16s%2Fg%2F11c29mjb60\" target=\"_blank\" rel=\"noreferrer noopener\">15 St Andrew St, Brockville, K6V 0B8 \u2197<\/a><\/p>\r\n<p class=\"has-text-align-center has-extra-small-font-size\"><strong><span style=\"font-size: 16px;\">Notre bateau de plong\u00e9e est situ\u00e9 \u00e0 l'ouest de la marina.<\/span><\/strong><\/p>\r\n<div class=\"wp-block-group has-ast-global-color-2-color has-text-color has-medium-font-size\">\r\n<ul>\r\n<li>De la 401 sortie 696, prendre la direction sud sur Stewart Blvd en direction du centre-ville.<\/li>\r\n\r\n\r\n\r\n<li>Tournez \u00e0 droite sur Court House Avenue \/ County Rd 29.<\/li>\r\n\r\n\r\n\r\n<li>Tournez \u00e0 droite sur King St W \/ County Rd 2.<\/li>\r\n\r\n\r\n\r\n<li>Tournez \u00e0 gauche sur St. Andrew St.<\/li>\r\n\r\n\r\n\r\n<li>Tall Ships Landing est au bout de chemin. \u00a0<\/li>\r\n<\/ul>\r\n<\/div>\r\n<!-- \/wp:post-content -->\r\n\r\n<!-- wp:paragraph -->\r\n<p>&nbsp;<\/p>\r\n<!-- \/wp:paragraph --><\/div>\r\n<\/div>\r\n<!-- \/wp:media-text -->\r\n\r\n<!-- wp:media-text {\"align\":\"\",\"mediaPosition\":\"right\",\"mediaId\":1926,\"mediaLink\":\"https:\/\/fadc.ca\/dive-sites\/rhirhi20smile\/\",\"linkDestination\":\"none\",\"mediaType\":\"image\",\"mediaWidth\":41,\"verticalAlignment\":\"top\",\"imageFill\":false} -->\r\n<div class=\"wp-block-media-text has-media-on-the-right is-stacked-on-mobile is-vertically-aligned-top\" style=\"grid-template-columns: auto 41%;\">\r\n<div class=\"wp-block-media-text__content\"><!-- wp:paragraph -->\r\n<p>&nbsp;<\/p>\r\n<!-- \/wp:paragraph -->\r\n\r\n<!-- wp:heading {\"textAlign\":\"center\",\"level\":3,\"style\":{\"color\":{\"text\":\"#000000\"}},\"className\":\"wp-block-heading\",\"fontSize\":\"large\"} -->\r\n<h3 class=\"wp-block-heading has-text-align-center has-text-color has-large-font-size\" style=\"color: #000000;\">Centeen Park<\/h3>\r\n<!-- \/wp:heading -->\r\n\r\n<!-- wp:paragraph {\"align\":\"center\",\"fontSize\":\"extra-small\"} -->\r\n<p class=\"has-text-align-center has-extra-small-font-size\"><a href=\"https:\/\/www.google.com\/maps\/place\/Centeen+Park\/@44.5914829,-75.6806551,17z\/data=!3m1!4b1!4m6!3m5!1s0x4ccd0f70339fe7cf:0xa766f8707646e4c5!8m2!3d44.5914829!4d-75.6784664!16s%2Fg%2F11bbt6_fz1\" target=\"_blank\" rel=\"noreferrer noopener\">70 Water St E, Brockville, ON K6V 1A6 \u2197<\/a><\/p>\r\n<!-- \/wp:paragraph -->\r\n\r\n<!-- wp:columns -->\r\n<div class=\"wp-block-columns\"><!-- wp:column -->\r\n<div class=\"wp-block-column\">\u00a0<\/div>\r\n<!-- \/wp:column -->\r\n\r\n<!-- wp:column -->\r\n<div class=\"wp-block-column\">\u00a0<\/div>\r\n<!-- \/wp:column --><\/div>\r\n<!-- \/wp:columns --><\/div>\r\n<figure class=\"wp-block-media-text__media\"><img loading=\"lazy\" decoding=\"async\" width=\"1024\" height=\"559\" class=\"wp-image-1926 size-full\" src=\"https:\/\/fadc.ca\/wp-content\/uploads\/2023\/04\/Rhirhi20smile-1024x559.jpg\" alt=\"\" srcset=\"https:\/\/fadc.ca\/wp-content\/uploads\/2023\/04\/Rhirhi20smile-1024x559.jpg 1024w, https:\/\/fadc.ca\/wp-content\/uploads\/2023\/04\/Rhirhi20smile-300x164.jpg 300w, https:\/\/fadc.ca\/wp-content\/uploads\/2023\/04\/Rhirhi20smile-768x419.jpg 768w, https:\/\/fadc.ca\/wp-content\/uploads\/2023\/04\/Rhirhi20smile-1536x838.jpg 1536w, https:\/\/fadc.ca\/wp-content\/uploads\/2023\/04\/Rhirhi20smile-2048x1118.jpg 2048w\" sizes=\"auto, (max-width: 1024px) 100vw, 1024px\" \/><\/figure>\r\n<\/div>\r\n<!-- \/wp:media-text -->\r\n\r\n<!-- wp:group {\"layout\":{\"type\":\"flex\",\"flexWrap\":\"nowrap\",\"justifyContent\":\"space-between\"}} -->\r\n<div class=\"wp-block-group\"><!-- wp:list -->\r\n<ul><!-- wp:list-item {\"fontSize\":\"medium\"} -->\r\n<li class=\"has-medium-font-size\">\u00c0 partir  de l\u2019est de Brockville, suivre ON-401 E en direction de County Rd 29 \u00e0 Brockville.<\/li>\r\n<!-- \/wp:list-item -->\r\n\r\n<!-- wp:list-item {\"fontSize\":\"medium\"} -->\r\n<li class=\"has-medium-font-size\">Prendre la sortie 696 pour County Rd 29 en direction de Brockville\/Smiths Falls<\/li>\r\n<!-- \/wp:list-item -->\r\n\r\n<!-- wp:list-item {\"fontSize\":\"medium\"} -->\r\n<li class=\"has-medium-font-size\">Tourner \u00e0 droite sur County Rd 29<\/li>\r\n<!-- \/wp:list-item -->\r\n\r\n<!-- wp:list-item {\"fontSize\":\"medium\"} -->\r\n<li class=\"has-medium-font-size\">Tourner \u00e0 droite sur Court House Ave\/County Rd 29<\/li>\r\n<!-- \/wp:list-item -->\r\n\r\n<!-- wp:list-item {\"fontSize\":\"medium\"} -->\r\n<li class=\"has-medium-font-size\">Tourner \u00e0 gauche sur King St W\/County Rd 2<\/li>\r\n<!-- \/wp:list-item -->\r\n\r\n<!-- wp:list-item {\"fontSize\":\"medium\"} -->\r\n<li class=\"has-medium-font-size\">Tourner \u00e0 droite sur Park St<\/li>\r\n<!-- \/wp:list-item -->\r\n\r\n<!-- wp:list-item {\"fontSize\":\"medium\"} -->\r\n<li class=\"has-medium-font-size\">Tourner \u00e0 gauche au 1er croisement et continuer sur Water St E<\/li>\r\n<!-- \/wp:list-item --><\/ul>\r\n<!-- \/wp:list -->\r\n\r\n<!-- wp:list -->\r\n<ul><!-- wp:list-item {\"style\":{\"typography\":{\"fontSize\":\"19px\"}}} -->\r\n<li style=\"font-size: 19px;\">\u00c0 partir de l\u2019ouest de Brockville, prendre la sortie 698 pour North Augusta Road en direction de Brockville\/North Augusta<\/li>\r\n<!-- \/wp:list-item -->\r\n\r\n<!-- wp:list-item {\"style\":{\"typography\":{\"fontSize\":\"19px\"}}} -->\r\n<li style=\"font-size: 19px;\">Tourner \u00e0 gauche sur Parkedale Ave<\/li>\r\n<!-- \/wp:list-item -->\r\n\r\n<!-- wp:list-item {\"style\":{\"typography\":{\"fontSize\":\"19px\"}}} -->\r\n<li style=\"font-size: 19px;\">Tourner \u00e0 gauche au 1er croisement et continuer sur N Augusta Rd<\/li>\r\n<!-- \/wp:list-item -->\r\n\r\n<!-- wp:list-item {\"style\":{\"typography\":{\"fontSize\":\"19px\"}}} -->\r\n<li style=\"font-size: 19px;\">Tourner \u00e0 droite sur King St E\/County Rd 2<\/li>\r\n<!-- \/wp:list-item -->\r\n\r\n<!-- wp:list-item {\"style\":{\"typography\":{\"fontSize\":\"19px\"}}} -->\r\n<li style=\"font-size: 19px;\">Tourner \u00e0 gauche sur Ford St<\/li>\r\n<!-- \/wp:list-item -->\r\n\r\n<!-- wp:list-item {\"style\":{\"typography\":{\"fontSize\":\"19px\"}}} -->\r\n<li style=\"font-size: 19px;\">Tourner \u00e0 droite sur Water St E<\/li>\r\n<!-- \/wp:list-item -->\r\n\r\n<!-- wp:list-item {\"style\":{\"typography\":{\"fontSize\":\"19px\"}}} -->\r\n<li style=\"font-size: 19px;\">Centeen Park est \u00e0 l'extr\u00e9mit\u00e9 est de Water Street.\u00a0<\/li>\r\n<!-- \/wp:list-item --><\/ul>\r\n<!-- \/wp:list --><\/div>\r\n<!-- \/wp:group -->\r\n\r\n<!-- wp:media-text {\"align\":\"\",\"mediaId\":2162,\"mediaLink\":\"https:\/\/fadc.ca\/dive-sites\/img_6884\/\",\"linkDestination\":\"none\",\"mediaType\":\"image\",\"mediaWidth\":49,\"verticalAlignment\":\"center\"} -->\r\n<div class=\"wp-block-media-text is-stacked-on-mobile is-vertically-aligned-center\" style=\"grid-template-columns: 49% auto;\">\r\n<figure class=\"wp-block-media-text__media\"><img loading=\"lazy\" decoding=\"async\" width=\"1024\" height=\"768\" class=\"wp-image-2162 size-full\" src=\"https:\/\/fadc.ca\/wp-content\/uploads\/2023\/05\/IMG_6884-1024x768.jpg\" alt=\"\" srcset=\"https:\/\/fadc.ca\/wp-content\/uploads\/2023\/05\/IMG_6884-1024x768.jpg 1024w, https:\/\/fadc.ca\/wp-content\/uploads\/2023\/05\/IMG_6884-300x225.jpg 300w, https:\/\/fadc.ca\/wp-content\/uploads\/2023\/05\/IMG_6884-768x576.jpg 768w, https:\/\/fadc.ca\/wp-content\/uploads\/2023\/05\/IMG_6884-1536x1152.jpg 1536w, https:\/\/fadc.ca\/wp-content\/uploads\/2023\/05\/IMG_6884-2048x1536.jpg 2048w, https:\/\/fadc.ca\/wp-content\/uploads\/2023\/05\/IMG_6884-16x12.jpg 16w\" sizes=\"auto, (max-width: 1024px) 100vw, 1024px\" \/><\/figure>\r\n<div class=\"wp-block-media-text__content\"><!-- wp:heading {\"textAlign\":\"center\",\"level\":3,\"style\":{\"color\":{\"text\":\"#000000\"}},\"className\":\"wp-block-heading\",\"fontSize\":\"large\"} -->\r\n<h3 class=\"wp-block-heading has-text-align-center has-text-color has-large-font-size\" style=\"color: #000000;\">Carri\u00e8re Morrison<\/h3>\r\n<!-- \/wp:heading -->\r\n\r\n<!-- wp:paragraph {\"align\":\"center\",\"fontSize\":\"extra-small\"} -->\r\n<p class=\"has-text-align-center has-extra-small-font-size\"><a href=\"https:\/\/www.google.com\/maps\/place\/Morrison's+Quarry,+1780+Quebec+Rte+105,+Chelsea,+QC+J9B+2K4\/data=!4m2!3m1!1s0x4cd1e7a897d5b92d:0xa1e93747e9d27f9?sa=X&amp;ved=2ahUKEwjc5sT1xI7-AhUwkYkEHZr9BCcQ8gF6BAh4EAE\" target=\"_blank\" rel=\"noreferrer noopener\">1780 Quebec Rte 105, Chelsea, QC J9B 2K4\u2197<\/a><\/p>\r\n<!-- \/wp:paragraph -->\r\n\r\n<!-- wp:list {\"textColor\":\"ast-global-color-2\",\"fontSize\":\"medium\"} -->\r\n<ul class=\"has-ast-global-color-2-color has-text-color has-medium-font-size\"><!-- wp:list-item -->\r\n<li>De l\u2019autoroute 417, prenez la sortie Nicholas\/Mann<\/li>\r\n<!-- \/wp:list-item -->\r\n\r\n<!-- wp:list-item -->\r\n<li>Continuez sur Mann (Mann devient King Edward). Prenez King Edward jusqu\u2019au panneau de signalisation indiquant Hull\/Gatineau<\/li>\r\n<!-- \/wp:list-item -->\r\n\r\n<!-- wp:list-item -->\r\n<li>Prenez King Edward jusqu\u2019au panneau de signalisation indiquant Hull\/Gatineau. Continuez sur le pont MacDonald-Cartier en direction de l\u2019autoroute 5.<\/li>\r\n<!-- \/wp:list-item -->\r\n\r\n<!-- wp:list-item -->\r\n<li>Suivez les indications vers l\u2019autoroute 5 nord en direction de Maniwaki. Continuez sur l\u2019autoroute 5 nord jusqu\u2019au Chemin Cross Loop \u00e0 Chelsea.  De l\u2019autoroute 5, prenez la sortie 24<\/li>\r\n<!-- \/wp:list-item -->\r\n\r\n<!-- wp:list-item -->\r\n<li>Tournez \u00e0 gauche et prenez la route 105 nord sur 2,4 km jusqu\u2019\u00e0 Morrison\u2019s Quarry qui se trouvera sur votre droite.<\/li>\r\n<!-- \/wp:list-item --><\/ul>\r\n<!-- \/wp:list --><\/div>\r\n<\/div>\r\n<!-- \/wp:media-text -->\r\n\r\n<!-- wp:media-text {\"align\":\"\",\"mediaPosition\":\"right\",\"mediaId\":1927,\"mediaLink\":\"https:\/\/fadc.ca\/?attachment_id=1927\",\"linkDestination\":\"none\",\"mediaType\":\"image\",\"mediaWidth\":36,\"verticalAlignment\":\"center\"} -->\r\n<div class=\"wp-block-media-text has-media-on-the-right is-stacked-on-mobile is-vertically-aligned-center\" style=\"grid-template-columns: auto 36%;\">\r\n<div class=\"wp-block-media-text__content\"><!-- wp:heading {\"textAlign\":\"center\",\"level\":3,\"style\":{\"color\":{\"text\":\"#000000\"}},\"className\":\"wp-block-heading\",\"fontSize\":\"large\"} -->\r\n<h3 class=\"wp-block-heading has-text-align-center has-text-color has-large-font-size\" style=\"color: #000000;\">Prescott Harbour<\/h3>\r\n<!-- \/wp:heading -->\r\n\r\n<!-- wp:paragraph {\"align\":\"center\",\"fontSize\":\"extra-small\"} -->\r\n<p class=\"has-text-align-center has-extra-small-font-size\"><a href=\"https:\/\/www.google.com\/maps\/place\/Sandra+S.+Lawn+Harbour+%26+Marina\/@44.7104377,-75.5133733,17z\/data=!3m1!4b1!4m6!3m5!1s0x4ccda983b31b4885:0x88b18cdb9baa6ef2!8m2!3d44.7104377!4d-75.5111846!16s%2Fg%2F1hc1r959w\" target=\"_blank\" rel=\"noreferrer noopener\">191 Water St E, Prescott, ON K0E 1T0\u2197<\/a><\/p>\r\n<!-- \/wp:paragraph -->\r\n\r\n<!-- wp:list {\"textColor\":\"ast-global-color-2\",\"fontSize\":\"medium\"} -->\r\n<ul class=\"has-ast-global-color-2-color has-text-color has-medium-font-size\"><!-- wp:list-item -->\r\n<li>De la 401 prenez la sortie 716 pour la rue Edward, direction Prescott.<\/li>\r\n<!-- \/wp:list-item -->\r\n\r\n<!-- wp:list-item -->\r\n<li>Suivez la rue jusqu\u2019au bout, le stationnement est \u00e0 votre gauche.<\/li>\r\n<!-- \/wp:list-item -->\r\n\r\n<!-- wp:list-item -->\r\n<li>Veuillez prendre note qu\u2019il s\u2019agit de la ville de Prescott et non \"Prescott &amp; Russell\".<\/li>\r\n<!-- \/wp:list-item --><\/ul>\r\n<!-- \/wp:list -->\r\n\r\n<!-- wp:paragraph {\"textColor\":\"ast-global-color-2\",\"fontSize\":\"medium\"} -->\r\n<p class=\"has-ast-global-color-2-color has-text-color has-medium-font-size\">.<\/p>\r\n<!-- \/wp:paragraph --><\/div>\r\n<figure class=\"wp-block-media-text__media\"><img loading=\"lazy\" decoding=\"async\" width=\"1024\" height=\"927\" class=\"wp-image-1927 size-full\" src=\"https:\/\/fadc.ca\/wp-content\/uploads\/2023\/04\/prescott-harbour-1024x927.png\" alt=\"\" srcset=\"https:\/\/fadc.ca\/wp-content\/uploads\/2023\/04\/prescott-harbour-1024x927.png 1024w, https:\/\/fadc.ca\/wp-content\/uploads\/2023\/04\/prescott-harbour-300x272.png 300w, https:\/\/fadc.ca\/wp-content\/uploads\/2023\/04\/prescott-harbour-768x695.png 768w, https:\/\/fadc.ca\/wp-content\/uploads\/2023\/04\/prescott-harbour-1536x1391.png 1536w, https:\/\/fadc.ca\/wp-content\/uploads\/2023\/04\/prescott-harbour.png 1588w\" sizes=\"auto, (max-width: 1024px) 100vw, 1024px\" \/><\/figure>\r\n<\/div>\r\n<!-- \/wp:media-text -->","protected":false},"excerpt":{"rendered":"<p>&nbsp; &nbsp; Centeen Park 70 Water St E, Brockville, ON K6V 1A6 \u2197 \u00a0 \u00a0 From East of Brockville, take 401 exit 698 for North Augusta Road Turn left onto Parkedale Ave (signs for North Augusta Road S\/Brockville) Turn left onto North Augusta Road Turn right into King St E\/County Rd 2 (signs for County [&hellip;]<\/p>\n","protected":false},"author":1,"featured_media":0,"parent":0,"menu_order":0,"comment_status":"closed","ping_status":"closed","template":"","meta":{"_uag_custom_page_level_css":"","site-sidebar-layout":"default","site-content-layout":"","ast-site-content-layout":"default","site-content-style":"default","site-sidebar-style":"default","ast-global-header-display":"","ast-banner-title-visibility":"","ast-main-header-display":"","ast-hfb-above-header-display":"","ast-hfb-below-header-display":"","ast-hfb-mobile-header-display":"","site-post-title":"","ast-breadcrumbs-content":"","ast-featured-img":"","footer-sml-layout":"","ast-disable-related-posts":"","theme-transparent-header-meta":"default","adv-header-id-meta":"","stick-header-meta":"","header-above-stick-meta":"","header-main-stick-meta":"","header-below-stick-meta":"","astra-migrate-meta-layouts":"set","ast-page-background-enabled":"default","ast-page-background-meta":{"desktop":{"background-color":"","background-image":"","background-repeat":"repeat","background-position":"center center","background-size":"auto","background-attachment":"scroll","background-type":"","background-media":"","overlay-type":"","overlay-color":"","overlay-opacity":"","overlay-gradient":""},"tablet":{"background-color":"","background-image":"","background-repeat":"repeat","background-position":"center center","background-size":"auto","background-attachment":"scroll","background-type":"","background-media":"","overlay-type":"","overlay-color":"","overlay-opacity":"","overlay-gradient":""},"mobile":{"background-color":"","background-image":"","background-repeat":"repeat","background-position":"center center","background-size":"auto","background-attachment":"scroll","background-type":"","background-media":"","overlay-type":"","overlay-color":"","overlay-opacity":"","overlay-gradient":""}},"ast-content-background-meta":{"desktop":{"background-color":"var(--ast-global-color-5)","background-image":"","background-repeat":"repeat","background-position":"center center","background-size":"auto","background-attachment":"scroll","background-type":"","background-media":"","overlay-type":"","overlay-color":"","overlay-opacity":"","overlay-gradient":""},"tablet":{"background-color":"var(--ast-global-color-5)","background-image":"","background-repeat":"repeat","background-position":"center center","background-size":"auto","background-attachment":"scroll","background-type":"","background-media":"","overlay-type":"","overlay-color":"","overlay-opacity":"","overlay-gradient":""},"mobile":{"background-color":"var(--ast-global-color-5)","background-image":"","background-repeat":"repeat","background-position":"center center","background-size":"auto","background-attachment":"scroll","background-type":"","background-media":"","overlay-type":"","overlay-color":"","overlay-opacity":"","overlay-gradient":""}},"footnotes":""},"class_list":["post-1565","page","type-page","status-publish","hentry"],"uagb_featured_image_src":{"full":false,"thumbnail":false,"medium":false,"medium_large":false,"large":false,"1536x1536":false,"2048x2048":false,"trp-custom-language-flag":false},"uagb_author_info":{"display_name":"fadcanada","author_link":"https:\/\/fadc.ca\/fr\/author\/fadcanada\/"},"uagb_comment_info":0,"uagb_excerpt":"&nbsp; &nbsp; Centeen Park 70 Water St E, Brockville, ON K6V 1A6 \u2197 \u00a0 \u00a0 From East of Brockville, take 401 exit 698 for North Augusta Road Turn left onto Parkedale Ave (signs for North Augusta Road S\/Brockville) Turn left onto North Augusta Road Turn right into King St E\/County Rd 2 (signs for County&hellip;","_links":{"self":[{"href":"https:\/\/fadc.ca\/fr\/wp-json\/wp\/v2\/pages\/1565","targetHints":{"allow":["GET"]}}],"collection":[{"href":"https:\/\/fadc.ca\/fr\/wp-json\/wp\/v2\/pages"}],"about":[{"href":"https:\/\/fadc.ca\/fr\/wp-json\/wp\/v2\/types\/page"}],"author":[{"embeddable":true,"href":"https:\/\/fadc.ca\/fr\/wp-json\/wp\/v2\/users\/1"}],"replies":[{"embeddable":true,"href":"https:\/\/fadc.ca\/fr\/wp-json\/wp\/v2\/comments?post=1565"}],"version-history":[{"count":14,"href":"https:\/\/fadc.ca\/fr\/wp-json\/wp\/v2\/pages\/1565\/revisions"}],"predecessor-version":[{"id":2370,"href":"https:\/\/fadc.ca\/fr\/wp-json\/wp\/v2\/pages\/1565\/revisions\/2370"}],"wp:attachment":[{"href":"https:\/\/fadc.ca\/fr\/wp-json\/wp\/v2\/media?parent=1565"}],"curies":[{"name":"wp","href":"https:\/\/api.w.org\/{rel}","templated":true}]}}